{"id":141,"date":"2022-04-05T12:55:34","date_gmt":"2022-04-05T10:55:34","guid":{"rendered":"http:\/\/www.leschatonsphilosophes.com\/?post_type=product&#038;p=141"},"modified":"2024-08-10T10:34:50","modified_gmt":"2024-08-10T08:34:50","slug":"fascicule-numero-4-la-liberte","status":"publish","type":"product","link":"https:\/\/www.leschatonsphilosophes.com\/index.php\/produit\/fascicule-numero-4-la-liberte\/","title":{"rendered":"Fascicule N\u00b04 : la libert\u00e9"},"content":{"rendered":"<p>Les Chatons Philosophes <strong>Azur<\/strong>, <strong>Th\u00e9o<\/strong>, <strong>Jade<\/strong>, te proposent aujourd\u2019hui de r\u00e9fl\u00e9chir sur\u2026<br \/>\n<strong>Qu\u2019est-ce que la Libert\u00e9 ?<\/strong><br \/>\nAvant de d\u00e9couvrir le fascicule th\u00e9matique, voici quelques pr\u00e9cisions pour faciliter ta lecture :<br \/>\nNous avons pour mission d\u2019initier les enfants \u00e0 des concepts philosophiques de fa\u00e7on ludique et interactive. Les contenus que nous te proposons ne visent pas \u00e0 \u00eatre des cours mais des invitations \u00e0 la r\u00e9flexion. Ils pr\u00e9sentent un panorama des concepts et philosophes majeurs de l\u2019Antiquit\u00e9 \u00e0 nos jours. Ils peuvent te para\u00eetre tr\u00e8s difficiles \u00e0 comprendre. Ne te d\u00e9courage pas. N\u2019abandonne pas. Comme tout philosophe en herbe, poursuis ta lecture et tes efforts. La sagesse, r\u00e9compense ultime, est au bout du chemin.<\/p>\n","protected":false},"excerpt":{"rendered":"<p>&#8211; <strong>Th\u00e9o<\/strong> : Et aujourd\u2019hui, nous allons faire de la philo,<br \/>\n&#8211; <strong>Azur<\/strong> : parce que la philo, c\u2019est rigolo.<br \/>\n&#8211; <strong>Th\u00e9o<\/strong> : Sur quel sujet allons-nous r\u00e9fl\u00e9chir ?<br \/>\n&#8211; <strong>Jade<\/strong> : LA LIBERT\u00c9.<br \/>\n&#8211; <strong>Azur<\/strong> : J\u2019aimerais conna\u00eetre l\u2019origine du mot et avoir une d\u00e9finition simple.<br \/>\n&#8211; <strong>Jade<\/strong> : Le mot libert\u00e9 vient du nom latin libertas (\u00e9tat de l\u2019homme libre), d\u00e9riv\u00e9 de liber (homme libre). Il d\u00e9signe la condition d\u2019un individu ou d\u2019un peuple soumis \u00e0 aucune contrainte de la part d\u2019une autre personne ou d\u2019un gouvernement tyrannique et refusant la condition d\u2019esclave&#8230;<\/p>\n","protected":false},"featured_media":151,"comment_status":"open","ping_status":"closed","template":"","meta":[],"product_cat":[18],"product_tag":[],"yoast_head":"<!-- This site is optimized with the Yoast SEO plugin v19.7.1 - https:\/\/yoast.com\/wordpress\/plugins\/seo\/ -->\n<title>Fascicule N\u00b04 : la libert\u00e9 - Les chatons philosophes<\/title>\n<meta name=\"robots\" content=\"index, follow, max-snippet:-1, max-image-preview:large, max-video-preview:-1\" \/>\n<link rel=\"canonical\" href=\"https:\/\/www.leschatonsphilosophes.com\/index.php\/produit\/fascicule-numero-4-la-liberte\/\" \/>\n<meta property=\"og:locale\" content=\"fr_FR\" \/>\n<meta property=\"og:type\" content=\"article\" \/>\n<meta property=\"og:title\" content=\"Fascicule N\u00b04 : la libert\u00e9 - Les chatons philosophes\" \/>\n<meta property=\"og:description\" content=\"- Th\u00e9o : Et aujourd\u2019hui, nous allons faire de la philo, - Azur : parce que la philo, c\u2019est rigolo. - Th\u00e9o : Sur quel sujet allons-nous r\u00e9fl\u00e9chir ? - Jade : LA LIBERT\u00c9. - Azur : J\u2019aimerais conna\u00eetre l\u2019origine du mot et avoir une d\u00e9finition simple. - Jade : Le mot libert\u00e9 vient du nom latin libertas (\u00e9tat de l\u2019homme libre), d\u00e9riv\u00e9 de liber (homme libre). Il d\u00e9signe la condition d\u2019un individu ou d\u2019un peuple soumis \u00e0 aucune contrainte de la part d\u2019une autre personne ou d\u2019un gouvernement tyrannique et refusant la condition d\u2019esclave...\" \/>\n<meta property=\"og:url\" content=\"https:\/\/www.leschatonsphilosophes.com\/index.php\/produit\/fascicule-numero-4-la-liberte\/\" \/>\n<meta property=\"og:site_name\" content=\"Les chatons philosophes\" \/>\n<meta property=\"article:modified_time\" content=\"2024-08-10T08:34:50+00:00\" \/>\n<meta property=\"og:image\" content=\"https:\/\/www.leschatonsphilosophes.com\/wp-content\/uploads\/2022\/04\/4-fascicule-les-chatons-philosophes-la-liberte-1.jpg\" \/>\n\t<meta property=\"og:image:width\" content=\"1000\" \/>\n\t<meta property=\"og:image:height\" content=\"1421\" \/>\n\t<meta property=\"og:image:type\" content=\"image\/jpeg\" \/>\n<meta name=\"twitter:card\" content=\"summary_large_image\" \/>\n<meta name=\"twitter:label1\" content=\"Dur\u00e9e de lecture estim\u00e9e\" \/>\n\t<meta name=\"twitter:data1\" content=\"1 minute\" \/>\n<script type=\"application\/ld+json\" class=\"yoast-schema-graph\">{\"@context\":\"https:\/\/schema.org\",\"@graph\":[{\"@type\":\"WebPage\",\"@id\":\"https:\/\/www.leschatonsphilosophes.com\/index.php\/produit\/fascicule-numero-4-la-liberte\/\",\"url\":\"https:\/\/www.leschatonsphilosophes.com\/index.php\/produit\/fascicule-numero-4-la-liberte\/\",\"name\":\"Fascicule N\u00b04 : la libert\u00e9 - Les chatons philosophes\",\"isPartOf\":{\"@id\":\"https:\/\/www.leschatonsphilosophes.com\/#website\"},\"datePublished\":\"2022-04-05T10:55:34+00:00\",\"dateModified\":\"2024-08-10T08:34:50+00:00\",\"breadcrumb\":{\"@id\":\"https:\/\/www.leschatonsphilosophes.com\/index.php\/produit\/fascicule-numero-4-la-liberte\/#breadcrumb\"},\"inLanguage\":\"fr-FR\",\"potentialAction\":[{\"@type\":\"ReadAction\",\"target\":[\"https:\/\/www.leschatonsphilosophes.com\/index.php\/produit\/fascicule-numero-4-la-liberte\/\"]}]},{\"@type\":\"BreadcrumbList\",\"@id\":\"https:\/\/www.leschatonsphilosophes.com\/index.php\/produit\/fascicule-numero-4-la-liberte\/#breadcrumb\",\"itemListElement\":[{\"@type\":\"ListItem\",\"position\":1,\"name\":\"Accueil\",\"item\":\"https:\/\/www.leschatonsphilosophes.com\/\"},{\"@type\":\"ListItem\",\"position\":2,\"name\":\"Boutique\",\"item\":\"https:\/\/www.leschatonsphilosophes.com\/index.php\/boutique\/\"},{\"@type\":\"ListItem\",\"position\":3,\"name\":\"Fascicule N\u00b04 : la libert\u00e9\"}]},{\"@type\":\"WebSite\",\"@id\":\"https:\/\/www.leschatonsphilosophes.com\/#website\",\"url\":\"https:\/\/www.leschatonsphilosophes.com\/\",\"name\":\"Les chatons philosophes\",\"description\":\"\",\"publisher\":{\"@id\":\"https:\/\/www.leschatonsphilosophes.com\/#organization\"},\"potentialAction\":[{\"@type\":\"SearchAction\",\"target\":{\"@type\":\"EntryPoint\",\"urlTemplate\":\"https:\/\/www.leschatonsphilosophes.com\/?s={search_term_string}\"},\"query-input\":\"required name=search_term_string\"}],\"inLanguage\":\"fr-FR\"},{\"@type\":\"Organization\",\"@id\":\"https:\/\/www.leschatonsphilosophes.com\/#organization\",\"name\":\"Les chatons philosophes\",\"url\":\"https:\/\/www.leschatonsphilosophes.com\/\",\"sameAs\":[],\"logo\":{\"@type\":\"ImageObject\",\"inLanguage\":\"fr-FR\",\"@id\":\"https:\/\/www.leschatonsphilosophes.com\/#\/schema\/logo\/image\/\",\"url\":\"https:\/\/www.leschatonsphilosophes.com\/wp-content\/uploads\/2022\/04\/chatons.jpg\",\"contentUrl\":\"https:\/\/www.leschatonsphilosophes.com\/wp-content\/uploads\/2022\/04\/chatons.jpg\",\"width\":1905,\"height\":361,\"caption\":\"Les chatons philosophes\"},\"image\":{\"@id\":\"https:\/\/www.leschatonsphilosophes.com\/#\/schema\/logo\/image\/\"}}]}<\/script>\n<!-- \/ Yoast SEO plugin. -->","yoast_head_json":{"title":"Fascicule N\u00b04 : la libert\u00e9 - Les chatons philosophes","robots":{"index":"index","follow":"follow","max-snippet":"max-snippet:-1","max-image-preview":"max-image-preview:large","max-video-preview":"max-video-preview:-1"},"canonical":"https:\/\/www.leschatonsphilosophes.com\/index.php\/produit\/fascicule-numero-4-la-liberte\/","og_locale":"fr_FR","og_type":"article","og_title":"Fascicule N\u00b04 : la libert\u00e9 - Les chatons philosophes","og_description":"- Th\u00e9o : Et aujourd\u2019hui, nous allons faire de la philo, - Azur : parce que la philo, c\u2019est rigolo. - Th\u00e9o : Sur quel sujet allons-nous r\u00e9fl\u00e9chir ? - Jade : LA LIBERT\u00c9. - Azur : J\u2019aimerais conna\u00eetre l\u2019origine du mot et avoir une d\u00e9finition simple. - Jade : Le mot libert\u00e9 vient du nom latin libertas (\u00e9tat de l\u2019homme libre), d\u00e9riv\u00e9 de liber (homme libre). Il d\u00e9signe la condition d\u2019un individu ou d\u2019un peuple soumis \u00e0 aucune contrainte de la part d\u2019une autre personne ou d\u2019un gouvernement tyrannique et refusant la condition d\u2019esclave...","og_url":"https:\/\/www.leschatonsphilosophes.com\/index.php\/produit\/fascicule-numero-4-la-liberte\/","og_site_name":"Les chatons philosophes","article_modified_time":"2024-08-10T08:34:50+00:00","og_image":[{"width":1000,"height":1421,"url":"https:\/\/www.leschatonsphilosophes.com\/wp-content\/uploads\/2022\/04\/4-fascicule-les-chatons-philosophes-la-liberte-1.jpg","type":"image\/jpeg"}],"twitter_card":"summary_large_image","twitter_misc":{"Dur\u00e9e de lecture estim\u00e9e":"1 minute"},"schema":{"@context":"https:\/\/schema.org","@graph":[{"@type":"WebPage","@id":"https:\/\/www.leschatonsphilosophes.com\/index.php\/produit\/fascicule-numero-4-la-liberte\/","url":"https:\/\/www.leschatonsphilosophes.com\/index.php\/produit\/fascicule-numero-4-la-liberte\/","name":"Fascicule N\u00b04 : la libert\u00e9 - Les chatons philosophes","isPartOf":{"@id":"https:\/\/www.leschatonsphilosophes.com\/#website"},"datePublished":"2022-04-05T10:55:34+00:00","dateModified":"2024-08-10T08:34:50+00:00","breadcrumb":{"@id":"https:\/\/www.leschatonsphilosophes.com\/index.php\/produit\/fascicule-numero-4-la-liberte\/#breadcrumb"},"inLanguage":"fr-FR","potentialAction":[{"@type":"ReadAction","target":["https:\/\/www.leschatonsphilosophes.com\/index.php\/produit\/fascicule-numero-4-la-liberte\/"]}]},{"@type":"BreadcrumbList","@id":"https:\/\/www.leschatonsphilosophes.com\/index.php\/produit\/fascicule-numero-4-la-liberte\/#breadcrumb","itemListElement":[{"@type":"ListItem","position":1,"name":"Accueil","item":"https:\/\/www.leschatonsphilosophes.com\/"},{"@type":"ListItem","position":2,"name":"Boutique","item":"https:\/\/www.leschatonsphilosophes.com\/index.php\/boutique\/"},{"@type":"ListItem","position":3,"name":"Fascicule N\u00b04 : la libert\u00e9"}]},{"@type":"WebSite","@id":"https:\/\/www.leschatonsphilosophes.com\/#website","url":"https:\/\/www.leschatonsphilosophes.com\/","name":"Les chatons philosophes","description":"","publisher":{"@id":"https:\/\/www.leschatonsphilosophes.com\/#organization"},"potentialAction":[{"@type":"SearchAction","target":{"@type":"EntryPoint","urlTemplate":"https:\/\/www.leschatonsphilosophes.com\/?s={search_term_string}"},"query-input":"required name=search_term_string"}],"inLanguage":"fr-FR"},{"@type":"Organization","@id":"https:\/\/www.leschatonsphilosophes.com\/#organization","name":"Les chatons philosophes","url":"https:\/\/www.leschatonsphilosophes.com\/","sameAs":[],"logo":{"@type":"ImageObject","inLanguage":"fr-FR","@id":"https:\/\/www.leschatonsphilosophes.com\/#\/schema\/logo\/image\/","url":"https:\/\/www.leschatonsphilosophes.com\/wp-content\/uploads\/2022\/04\/chatons.jpg","contentUrl":"https:\/\/www.leschatonsphilosophes.com\/wp-content\/uploads\/2022\/04\/chatons.jpg","width":1905,"height":361,"caption":"Les chatons philosophes"},"image":{"@id":"https:\/\/www.leschatonsphilosophes.com\/#\/schema\/logo\/image\/"}}]}},"_links":{"self":[{"href":"https:\/\/www.leschatonsphilosophes.com\/index.php\/wp-json\/wp\/v2\/product\/141"}],"collection":[{"href":"https:\/\/www.leschatonsphilosophes.com\/index.php\/wp-json\/wp\/v2\/product"}],"about":[{"href":"https:\/\/www.leschatonsphilosophes.com\/index.php\/wp-json\/wp\/v2\/types\/product"}],"replies":[{"embeddable":true,"href":"https:\/\/www.leschatonsphilosophes.com\/index.php\/wp-json\/wp\/v2\/comments?post=141"}],"wp:featuredmedia":[{"embeddable":true,"href":"https:\/\/www.leschatonsphilosophes.com\/index.php\/wp-json\/wp\/v2\/media\/151"}],"wp:attachment":[{"href":"https:\/\/www.leschatonsphilosophes.com\/index.php\/wp-json\/wp\/v2\/media?parent=141"}],"wp:term":[{"taxonomy":"product_cat","embeddable":true,"href":"https:\/\/www.leschatonsphilosophes.com\/index.php\/wp-json\/wp\/v2\/product_cat?post=141"},{"taxonomy":"product_tag","embeddable":true,"href":"https:\/\/www.leschatonsphilosophes.com\/index.php\/wp-json\/wp\/v2\/product_tag?post=141"}],"curies":[{"name":"wp","href":"https:\/\/api.w.org\/{rel}","templated":true}]}}